{"id":3144,"date":"2017-10-22T18:38:34","date_gmt":"2017-10-22T16:38:34","guid":{"rendered":"http:\/\/localhost\/wordpress\/?page_id=3144"},"modified":"2022-05-02T11:25:47","modified_gmt":"2022-05-02T09:25:47","slug":"impressum","status":"publish","type":"page","link":"https:\/\/anwalt-im-ted.de\/index.php\/impressum\/","title":{"rendered":"Impressum"},"content":{"rendered":"<div id='av_section_1' class='avia-section main_color avia-section-default avia-no-shadow avia-bg-style-scroll  avia-builder-el-0  avia-builder-el-no-sibling   container_wrap sidebar_right' style=' '  ><div class='container' ><main  role=\"main\" itemprop=\"mainContentOfPage\"  class='template-page content  av-content-small alpha units'><div class='post-entry post-entry-type-page post-entry-3144'><div class='entry-content-wrapper clearfix'>\n<div class=\"flex_column av_one_full  flex_column_div av-zero-column-padding first  avia-builder-el-1  el_before_av_two_third  avia-builder-el-first  \" style='border-radius:0px; '><div style='padding-bottom:10px; ' class='av-special-heading av-special-heading-h2  blockquote modern-quote  avia-builder-el-2  avia-builder-el-no-sibling   '><h2 class='av-special-heading-tag '  itemprop=\"headline\"  >Impressum<\/h2><div class='special-heading-border'><div class='special-heading-inner-border' ><\/div><\/div><\/div><\/div><div class=\"flex_column av_two_third  flex_column_div av-zero-column-padding first  avia-builder-el-3  el_after_av_one_full  el_before_av_one_third  column-top-margin\" style='border-radius:0px; '><section class=\"av_textblock_section \"  itemscope=\"itemscope\" itemtype=\"https:\/\/schema.org\/CreativeWork\" ><div class='avia_textblock  '   itemprop=\"text\" ><p>Olaf B\u00fchler<br \/>\nAlter Unter\u00f6wisheimer Weg 11<br \/>\n76646 Bruchsal<br \/>\nTelefon: 07251 9234071<br \/>\nFax:&nbsp;&nbsp;&nbsp;&nbsp;&nbsp;&nbsp;&nbsp; 07251 9234073<\/p>\n<p>E-Mail:&nbsp;&nbsp; <a href=\"mailto:buehler@anwalt-im-ted.de\">buehler@anwalt-im-ted.de<\/a><\/p>\n<p>USt.-IdNr. DE208025814<\/p>\n<p>Ansprechpartner und zust\u00e4ndiger Berufstr\u00e4ger i.S.d. \u00a7 10 Absatz 3 Mediendienste-Staatsvertrages ist Rechtsanwalt Olaf Klaus B\u00fchler<\/p>\n<p><strong>Aus gegebenem Anlass erkl\u00e4re ich verbindlich, dass ich den Messengerdienst WhatsApp nicht nutze und auch nicht nutzen werde; zugleich untersage ich Nutzern von WhatsApp die Speicherung jeglicher Kontaktdaten von mir in der Kontaktliste ihres Smartphones.<\/strong><\/p>\n<p>Zust\u00e4ndige Aufsichtsbeh\u00f6rde:<br \/>\nRechtsanwaltskammer Karlsruhe<br \/>\nK\u00f6rperschaft des \u00f6ffentlichen Rechts<\/p>\n<p>Reinhold-Frank-Stra\u00dfe 72<br \/>\n76133 Karlsruhe<br \/>\nTel.: 0721-25340<br \/>\nFax: 0721-26627<br \/>\nMail: info@rak-karlsruhe.de<br \/>\nwww.rak-karlsruhe.de<\/p>\n<p>Angaben DL InfoV:<br \/>\nERGO Versicherung AG, Victoriaplatz 1, 40477 D\u00fcsseldorf<\/p>\n<p>Hinweis:<br \/>\nRechtsanw\u00e4ltinnen und Rechtsanw\u00e4lte sind aufgrund der Bundesrechtsanwaltsordnung verpflichtet, eine Berufshaftpflichtversicherung mit einer Mindestversicherungssumme von 250.000 Euro zu unterhalten. Die Einzelheiten ergeben sich aus \u00a7 51 BRAO.<\/p>\n<p><strong>Bildnachweise:<\/strong><\/p>\n<p><img loading=\"lazy\" decoding=\"async\" class=\"alignnone size-thumbnail wp-image-3281\" src=\"https:\/\/anwalt-im-ted.de\/wp-content\/uploads\/2017\/10\/miteinander-statt-gegeneinander-80x80.jpg\" alt=\"\u00a9 Rido\/fotolia.com\" width=\"80\" height=\"80\" srcset=\"https:\/\/anwalt-im-ted.de\/wp-content\/uploads\/2017\/10\/miteinander-statt-gegeneinander-80x80.jpg 80w, https:\/\/anwalt-im-ted.de\/wp-content\/uploads\/2017\/10\/miteinander-statt-gegeneinander-36x36.jpg 36w, https:\/\/anwalt-im-ted.de\/wp-content\/uploads\/2017\/10\/miteinander-statt-gegeneinander-180x180.jpg 180w, https:\/\/anwalt-im-ted.de\/wp-content\/uploads\/2017\/10\/miteinander-statt-gegeneinander-120x120.jpg 120w, https:\/\/anwalt-im-ted.de\/wp-content\/uploads\/2017\/10\/miteinander-statt-gegeneinander-450x450.jpg 450w\" sizes=\"auto, (max-width: 80px) 100vw, 80px\" \/><\/p>\n<p>\u00a9 Rido\/fotolia.com<\/p>\n<p><img loading=\"lazy\" decoding=\"async\" class=\"alignnone size-thumbnail wp-image-3287\" src=\"https:\/\/anwalt-im-ted.de\/wp-content\/uploads\/2017\/10\/aktuelles-80x80.jpg\" alt=\"\" width=\"80\" height=\"80\" srcset=\"https:\/\/anwalt-im-ted.de\/wp-content\/uploads\/2017\/10\/aktuelles-80x80.jpg 80w, https:\/\/anwalt-im-ted.de\/wp-content\/uploads\/2017\/10\/aktuelles-36x36.jpg 36w, https:\/\/anwalt-im-ted.de\/wp-content\/uploads\/2017\/10\/aktuelles-180x180.jpg 180w, https:\/\/anwalt-im-ted.de\/wp-content\/uploads\/2017\/10\/aktuelles-120x120.jpg 120w, https:\/\/anwalt-im-ted.de\/wp-content\/uploads\/2017\/10\/aktuelles-450x450.jpg 450w\" sizes=\"auto, (max-width: 80px) 100vw, 80px\" \/><\/p>\n<p>\u00a9 Dan Race\/fotolia.com<\/p>\n<p>Rechtsanwalt B\u00fchler ist Mitglied der Rechtsanwaltskammer Karlsruhe und durch den Pr\u00e4sidenten des Landgerichts Karlsruhe zugelassen als Rechtsanwalt in Deutschland.<br \/>\nDie Rechtsanwaltskammer Karlsruhe ist zust\u00e4ndige Aufsichtsbeh\u00f6rde im Sinne des \u00a7 6 Nr. 3 Teledienstegesetz. F\u00fcr Rechtsanw\u00e4lte gelten folgenden berufsrechtlichen Regelungen:<br \/>\n* Berufsordnung der Rechtsanw\u00e4lte<br \/>\n* Fachanwaltsordnung<br \/>\n* Bundesrechtsanwaltsordnung<br \/>\n* Bundesgeb\u00fchrenordnung der Rechtsanw\u00e4lte<br \/>\n* Rechtsanwaltsverg\u00fctungsgesetz<br \/>\n* Berufsregeln der Rechtsanw\u00e4lte der EU<br \/>\nDiese Vorschriften k\u00f6nnen Sie einsehen auf den Internet-Seiten der Bundesrechtsanwaltskammer: www.brak.de<\/p>\n<p>Haftungsausschluss<br \/>\nDie auf diesen Seiten abrufbaren Inhalte dienen der allgemeinen Information und begr\u00fcnden keine weitergehenden Verpflichtungen. F\u00fcr die Richtigkeit und Wiedergabe der Inhalte ist eine Haftung ausgeschlossen.<\/p>\n<p><strong>Ich weise erg\u00e4nzend darauf hin, dass die unverschl\u00fcsselte Kommunikation per E-Mail gewisse Unsicherheiten birgt. Eine Haftung f\u00fcr Mitteilungen aus unverschl\u00fcsselter \u00dcbermittlung schlie\u00dfe ich daher aus. Bei unverschl\u00fcsselter Erst\u00fcbermittlung unterstelle \u00edch das Einverst\u00e4ndnis zur weiteren unverschl\u00fcsselten elektronischen Korrespondenz. Die M\u00f6glichkeit zur verschl\u00fcsselten Korrespondenz im gemeinfreien GPG-Verfahren besteht; bitte sprechen Sie mich hierauf an. Mein \u00f6ffentlicher Schl\u00fcssel, der dazu erforderlich ist, mir GnuPG verschl\u00fcsselte eMails zu senden bzw. von mir signierte Mails zu verifizieren, ist von der Service-Seite herunterladbar.<\/strong><\/p>\n<p>Das Foto auf der Home-Seite stammt von <a href=\"http:\/\/martin-pohner-fotografie.de\/\">Martin Pohner<\/a>. Vielen Dank daf\u00fcr!<\/p>\n<\/div><\/section><\/div><div class=\"flex_column av_one_third  flex_column_div av-zero-column-padding   avia-builder-el-5  el_after_av_two_third  avia-builder-el-last  column-top-margin\" style='border-radius:0px; '><\/div><\/div><\/div><\/main><!-- close content main element --><\/div><\/div><div id='after_section_1' class='main_color av_default_container_wrap container_wrap sidebar_right' style=' '  ><div class='container' ><div class='template-page content  av-content-small alpha units'><div class='post-entry post-entry-type-page post-entry-3144'><div class='entry-content-wrapper clearfix'>\n","protected":false},"excerpt":{"rendered":"","protected":false},"author":1,"featured_media":0,"parent":0,"menu_order":0,"comment_status":"closed","ping_status":"closed","template":"","meta":{"footnotes":""},"class_list":["post-3144","page","type-page","status-publish","hentry"],"_links":{"self":[{"href":"https:\/\/anwalt-im-ted.de\/index.php\/wp-json\/wp\/v2\/pages\/3144","targetHints":{"allow":["GET"]}}],"collection":[{"href":"https:\/\/anwalt-im-ted.de\/index.php\/wp-json\/wp\/v2\/pages"}],"about":[{"href":"https:\/\/anwalt-im-ted.de\/index.php\/wp-json\/wp\/v2\/types\/page"}],"author":[{"embeddable":true,"href":"https:\/\/anwalt-im-ted.de\/index.php\/wp-json\/wp\/v2\/users\/1"}],"replies":[{"embeddable":true,"href":"https:\/\/anwalt-im-ted.de\/index.php\/wp-json\/wp\/v2\/comments?post=3144"}],"version-history":[{"count":16,"href":"https:\/\/anwalt-im-ted.de\/index.php\/wp-json\/wp\/v2\/pages\/3144\/revisions"}],"predecessor-version":[{"id":8999,"href":"https:\/\/anwalt-im-ted.de\/index.php\/wp-json\/wp\/v2\/pages\/3144\/revisions\/8999"}],"wp:attachment":[{"href":"https:\/\/anwalt-im-ted.de\/index.php\/wp-json\/wp\/v2\/media?parent=3144"}],"curies":[{"name":"wp","href":"https:\/\/api.w.org\/{rel}","templated":true}]}}