{"id":3613,"date":"2018-03-08T15:16:46","date_gmt":"2018-03-08T14:16:46","guid":{"rendered":"http:\/\/anwalt-im-ted.de\/?page_id=3613"},"modified":"2019-06-02T09:37:39","modified_gmt":"2019-06-02T07:37:39","slug":"hinweise-zur-datenverarbeitung","status":"publish","type":"page","link":"https:\/\/anwalt-im-ted.de\/index.php\/hinweise-zur-datenverarbeitung\/","title":{"rendered":"Hinweise zur Datenverarbeitung"},"content":{"rendered":"<ol>\n<li>\n<h4><strong>Name und Kontaktdaten des f\u00fcr die Verarbeitung Verantwortlichen <\/strong><\/h4>\n<\/li>\n<\/ol>\n<p>Diese Datenschutzhinweise gelten f\u00fcr die Datenverarbeitung durch:<\/p>\n<p><strong>Verantwortlicher:<\/strong><\/p>\n<p style=\"padding-left: 30px;\"><strong>Rechtsanwalt Olaf B\u00fchler<\/strong><\/p>\n<p style=\"padding-left: 30px;\">Alter Unter\u00f6wisheimer Weg 11<\/p>\n<p style=\"padding-left: 30px;\">D-76646 Bruchsal, Deutschland<\/p>\n<p style=\"padding-left: 30px;\">eMail:&nbsp; <a href=\"mailto:buehler@anwalt-im-ted.de\">buehler@anwalt-im-ted.de<\/a><\/p>\n<p style=\"padding-left: 30px;\">Telefon:&nbsp;&nbsp;&nbsp;&nbsp;&nbsp;&nbsp;&nbsp;&nbsp;&nbsp; +49 7251 9234071<\/p>\n<p style=\"padding-left: 30px;\">FAX:&nbsp;&nbsp;&nbsp;&nbsp;&nbsp;&nbsp;&nbsp;&nbsp;&nbsp;&nbsp;&nbsp;&nbsp;&nbsp;&nbsp; +49 3212 1352048<\/p>\n<p>Rechtsanwalt Olaf B\u00fchler ist der einzige Mitarbeiter in der Kanzlei. Es findet keine Verarbeitung von personenbezogenen Daten der mit der Kanzlei in Kontakt stehenden Personen oder Institutionen durch andere Personen als Rechtanwalt Olaf B\u00fchler statt. Andere Personen haben keinen Zugriff auf im Rahmen der Kanzleit\u00e4tigkeit verarbeitete personenbezogene Daten.<\/p>\n<ol start=\"2\">\n<li>\n<h4><strong>Erhebung und Speicherung personenbezogener Daten sowie Art und Zweck und deren Verwendung<\/strong><\/h4>\n<\/li>\n<\/ol>\n<p style=\"padding-left: 30px;\">Wenn Sie mich mandatieren, erhebe ich folgende Informationen:<\/p>\n<ul>\n<li>Anrede, Vorname, Nachname,<\/li>\n<li>eine g\u00fcltige E-Mail-Adresse,<\/li>\n<li>Anschrift,<\/li>\n<li>Telefonnummer (Festnetz und\/oder Mobilfunk)<\/li>\n<li>Informationen, die f\u00fcr die Geltendmachung und Verteidigung Ihrer Rechte im Rahmen des Mandats notwendig sind<\/li>\n<\/ul>\n<p>Die Erhebung dieser Daten erfolgt,<\/p>\n<ul>\n<li>um Sie als meinen Mandanten identifizieren zu k\u00f6nnen;<\/li>\n<li>um Sie angemessen anwaltlich beraten und vertreten zu k\u00f6nnen;<\/li>\n<li>zur Korrespondenz mit Ihnen;<\/li>\n<li>zur Rechnungsstellung;<\/li>\n<li>zur Abwicklung von evtl. vorliegenden Haftungsanspr\u00fcchen sowie der Geltendmachung etwaiger Anspr\u00fcche gegen Sie;<\/li>\n<\/ul>\n<p>Die Datenverarbeitung erfolgt auf Ihre Anfrage hin und ist nach Art. 6 Abs. 1 S. 1 lit. b DSGVO zu den genannten Zwecken f\u00fcr die angemessene Bearbeitung des Mandats und f\u00fcr die beidseitige Erf\u00fcllung von Verpflichtungen aus dem Mandatsvertrag erforderlich.<\/p>\n<p>Die f\u00fcr die Mandatierung von mir erhobenen personenbezogenen Daten werden bis zum Ablauf der gesetzlichen Aufbewahrungspflicht f\u00fcr Anw\u00e4lte (6 Jahre nach Ablauf des Kalenderjahres, in dem das Mandat beendet wurde,) gespeichert und danach gel\u00f6scht, es sei denn, dass ich nach Artikel 6 Abs. 1 S. 1 lit. c DSGVO aufgrund von steuer- und handelsrechtlichen Aufbewahrungs- und Dokumentationspflichten (aus HGB, StGB oder AO) zu einer l\u00e4ngeren Speicherung verpflichtet bin oder Sie in eine dar\u00fcber hinausgehende Speicherung nach Art. 6 Abs. 1 S. 1 lit. a DSGVO eingewilligt haben.<\/p>\n<ol start=\"3\">\n<li>\n<h4><strong>Weitergabe von Daten an Dritte<\/strong><\/h4>\n<\/li>\n<\/ol>\n<p>Eine \u00dcbermittlung Ihrer pers\u00f6nlichen Daten an Dritte zu anderen als den im Folgenden aufgef\u00fchrten Zwecken findet nicht statt.<\/p>\n<p>Soweit dies nach Art. 6 Abs. 1 S. 1 lit. b DSGVO f\u00fcr die Abwicklung von Mandatsverh\u00e4ltnissen mit Ihnen erforderlich ist, werden Ihre personenbezogenen Daten an Dritte weitergegeben. Hierzu geh\u00f6rt insbesondere die Weitergabe an Verfahrensgegner und deren Vertreter (insbesondere deren Rechtsanw\u00e4lte) sowie Gerichte und andere \u00f6ffentliche Beh\u00f6rden zum Zwecke der Korrespondenz sowie zur Geltendmachung und Verteidigung Ihrer Rechte. Die weitergegebenen Daten d\u00fcrfen von dem Dritten ausschlie\u00dflich zu den genannten Zwecken verwendet werden.<\/p>\n<p>Das Anwaltsgeheimnis bleibt unber\u00fchrt. Soweit es sich um Daten handelt, die dem Anwaltsgeheimnis unterliegen, erfolgt eine Weitergabe an Dritte nur in Absprache mit Ihnen.<\/p>\n<ol start=\"4\">\n<li>\n<h4><strong>Betroffenenrechte<\/strong><\/h4>\n<\/li>\n<\/ol>\n<p>Sie haben das Recht:<\/p>\n<ul>\n<li>gem\u00e4\u00df Art. 7 Abs. 3 DSGVO Ihre einmal erteilte Einwilligung jederzeit mir gegen\u00fcber zu widerrufen. Dies hat zur Folge, dass ich die Datenverarbeitung, die auf dieser Einwilligung beruhte, f\u00fcr die Zukunft nicht mehr fortf\u00fchren darf;<\/li>\n<li>gem\u00e4\u00df Art. 15 DSGVO Auskunft \u00fcber Ihre von mir verarbeiteten personenbezogenen Daten zu verlangen. Insbesondere k\u00f6nnen Sie Auskunft \u00fcber\n<ul>\n<li>die Verarbeitungszwecke,<\/li>\n<li>die Kategorie der personenbezogenen Daten,<\/li>\n<li>die Kategorien von Empf\u00e4ngern, gegen\u00fcber denen Ihre Daten offengelegt wurden oder werden,<\/li>\n<li>die geplante Speicherdauer,<\/li>\n<li>das Bestehen eines Rechts auf Berichtigung, L\u00f6schung, Einschr\u00e4nkung der Verarbeitung oder Widerspruch,<\/li>\n<li>das Bestehen eines Beschwerderechts,<\/li>\n<li>die Herkunft ihrer Daten, sofern diese nicht bei uns erhoben wurden,<\/li>\n<li>sowie \u00fcber das Bestehen einer automatisierten Entscheidungsfindung einschlie\u00dflich Profiling und ggf. aussagekr\u00e4ftigen Informationen zu deren Einzelheiten<\/li>\n<\/ul>\n<\/li>\n<\/ul>\n<p>verlangen;<\/p>\n<ul>\n<li>gem\u00e4\u00df Art. 16 DSGVO unverz\u00fcglich die Berichtigung unrichtiger oder Vervollst\u00e4ndigung Ihrer bei mir gespeicherten personenbezogenen Daten zu verlangen;<\/li>\n<li>gem\u00e4\u00df Art. 17 DSGVO die L\u00f6schung Ihrer bei mir gespeicherten personenbezogenen Daten zu verlangen, soweit nicht die Verarbeitung\n<ul>\n<li>zur Aus\u00fcbung des Rechts auf freie Meinungs\u00e4u\u00dferung und Information,<\/li>\n<li>zur Erf\u00fcllung einer rechtlichen Verpflichtung,<\/li>\n<li>aus Gr\u00fcnden des \u00f6ffentlichen Interesses oder<\/li>\n<li>zur Geltendmachung, Aus\u00fcbung oder Verteidigung von Rechtsanspr\u00fcchen<\/li>\n<\/ul>\n<\/li>\n<\/ul>\n<p>erforderlich ist;<\/p>\n<ul>\n<li>gem\u00e4\u00df Art. 18 DSGVO die Einschr\u00e4nkung der Verarbeitung Ihrer personenbezogenen Daten zu verlangen, soweit\n<ul>\n<li>die Richtigkeit der Daten von Ihnen bestritten wird,<\/li>\n<li>die Verarbeitung unrechtm\u00e4\u00dfig ist, Sie aber deren L\u00f6schung ablehnen und ich die Daten nicht mehr ben\u00f6tige, Sie jedoch diese zur Geltendmachung, Aus\u00fcbung oder Verteidigung von Rechtsanspr\u00fcchen ben\u00f6tigen oder<\/li>\n<li>Sie gem\u00e4\u00df Art. 21 DSGVO Widerspruch gegen die Verarbeitung eingelegt haben;<\/li>\n<\/ul>\n<\/li>\n<li>gem\u00e4\u00df Art. 20 DSGVO Ihre personenbezogenen Daten, die Sie mir bereitgestellt haben, in einem strukturierten, g\u00e4ngigen und maschinenlesebaren Format zu erhalten oder die \u00dcbermittlung an einen anderen Verantwortlichen zu verlangen und<\/li>\n<li>gem\u00e4\u00df Art. 77 DSGVO sich bei einer Aufsichtsbeh\u00f6rde zu beschweren. In der Regel k\u00f6nnen Sie sich hierf\u00fcr an die Aufsichtsbeh\u00f6rde Ihres \u00fcblichen Aufenthaltsortes oder Arbeitsplatzes oder unseres Kanzleisitzes wenden.<\/li>\n<\/ul>\n<ol start=\"5\">\n<li>\n<h4><strong>Widerspruchsrecht<\/strong><\/h4>\n<\/li>\n<\/ol>\n<p>Sofern Ihre personenbezogenen Daten auf Grundlage von berechtigten Interessen gem\u00e4\u00df Art. 6 Abs. 1 S. 1 lit. f DSGVO verarbeitet werden, haben Sie das Recht, gem\u00e4\u00df Art. 21 DSGVO Widerspruch gegen die Verarbeitung Ihrer personenbezogenen Daten einzulegen, soweit daf\u00fcr Gr\u00fcnde vorliegen, die sich aus Ihrer besonderen Situation ergeben.<\/p>\n<p>M\u00f6chten Sie von Ihrem Widerspruchsrecht Gebrauch machen, gen\u00fcgt eine E-Mail an buehler@anwalt-im-ted.de.<\/p>\n<p>Unter dem nachstehenden Link k\u00f6nnen Sie sich die Hinweise zur Datenverarbeitung auch als PDF-Dokument herunterladen:<\/p>\n<p><a href=\"https:\/\/anwalt-im-ted.de\/wp-content\/uploads\/2018\/04\/20180406-AiT-Hinweise-zur-Datenverarbeitung.pdf\">Hinweise zur Datenverarbeitung<\/a><\/p>\n","protected":false},"excerpt":{"rendered":"<p>Name und Kontaktdaten des f\u00fcr die Verarbeitung Verantwortlichen Diese Datenschutzhinweise gelten f\u00fcr die Datenverarbeitung durch: Verantwortlicher: Rechtsanwalt Olaf B\u00fchler Alter Unter\u00f6wisheimer Weg 11 D-76646 Bruchsal, Deutschland eMail:&nbsp; buehler@anwalt-im-ted.de Telefon:&nbsp;&nbsp;&nbsp;&nbsp;&nbsp;&nbsp;&nbsp;&nbsp;&nbsp; +49 7251 9234071 FAX:&nbsp;&nbsp;&nbsp;&nbsp;&nbsp;&nbsp;&nbsp;&nbsp;&nbsp;&nbsp;&nbsp;&nbsp;&nbsp;&nbsp; +49 3212 1352048 Rechtsanwalt Olaf B\u00fchler ist der einzige Mitarbeiter in der Kanzlei. Es findet keine Verarbeitung von personenbezogenen Daten der mit [&hellip;]<\/p>\n","protected":false},"author":2,"featured_media":0,"parent":0,"menu_order":0,"comment_status":"closed","ping_status":"closed","template":"","meta":{"footnotes":""},"class_list":["post-3613","page","type-page","status-publish","hentry"],"_links":{"self":[{"href":"https:\/\/anwalt-im-ted.de\/index.php\/wp-json\/wp\/v2\/pages\/3613","targetHints":{"allow":["GET"]}}],"collection":[{"href":"https:\/\/anwalt-im-ted.de\/index.php\/wp-json\/wp\/v2\/pages"}],"about":[{"href":"https:\/\/anwalt-im-ted.de\/index.php\/wp-json\/wp\/v2\/types\/page"}],"author":[{"embeddable":true,"href":"https:\/\/anwalt-im-ted.de\/index.php\/wp-json\/wp\/v2\/users\/2"}],"replies":[{"embeddable":true,"href":"https:\/\/anwalt-im-ted.de\/index.php\/wp-json\/wp\/v2\/comments?post=3613"}],"version-history":[{"count":7,"href":"https:\/\/anwalt-im-ted.de\/index.php\/wp-json\/wp\/v2\/pages\/3613\/revisions"}],"predecessor-version":[{"id":3794,"href":"https:\/\/anwalt-im-ted.de\/index.php\/wp-json\/wp\/v2\/pages\/3613\/revisions\/3794"}],"wp:attachment":[{"href":"https:\/\/anwalt-im-ted.de\/index.php\/wp-json\/wp\/v2\/media?parent=3613"}],"curies":[{"name":"wp","href":"https:\/\/api.w.org\/{rel}","templated":true}]}}